{"id":73,"date":"2018-12-27T11:28:55","date_gmt":"2018-12-27T10:28:55","guid":{"rendered":"https:\/\/Dittgen.hegau1.de\/?page_id=73"},"modified":"2025-12-24T07:17:38","modified_gmt":"2025-12-24T06:17:38","slug":"beruf","status":"publish","type":"page","link":"https:\/\/Dittgen.hegau1.de\/?page_id=73","title":{"rendered":"Beruf"},"content":{"rendered":"<p>Views: 7<\/p><h2>Werdegang<\/h2>\n<hr \/>\n<h3 style=\"padding-left: 30px;\">04\/2019 bis heute Chiron <strong> Werke GmbH &amp; Co. KG <\/strong>&#8211; IT Administrator 2nd Level<\/h3>\n<p style=\"text-align: center;\">01.04.2019 gehts los! Bin gespannt \ud83d\ude42<\/p>\n<h3 style=\"padding-left: 30px;\">1999 bis 03\/2019 BDT Media Automation Rottweil &#8211; IT Administrator 2nd Level<\/h3>\n<p style=\"padding-left: 60px;\">Als weltweit t\u00e4tiges Technologieunternehmen und OEM-Partner entwickelt und produziert die BDT-Gruppe Datenspeicherl\u00f6sungen zum Sichern und Archivieren von gro\u00dfen Datenvolumen sowie Papier- und Medienhandhabungsapplikationen f\u00fcr Druckersysteme zur Zuf\u00fchrung und Ablage von Papier und anderen Medien. Eine seit Jahrzehnten bestehende Partnerschaft mit den f\u00fchrenden IT- und B\u00fcrotechnik-Anbietern belegen den Erfolg und die Innovationskraft des Unternehmens. Die BDT-Gruppe besch\u00e4ftigt Mitarbeiter am Hauptsitz in Rottweil sowie an Entwicklungs-, Fertigungs- und Servicestandorten in Deutschland, den USA, Mexiko, China, Singapur und den Niederlanden.<\/p>\n<hr \/>\n<h3 style=\"padding-left: 30px;\">1996 bis 1999\u00a0 Rolf Pl\u00fcmer \/ Siemens Elektrocom Konstanz &#8211; IT Techniker<\/h3>\n<hr \/>\n","protected":false},"excerpt":{"rendered":"<p>Views: 7Werdegang 04\/2019 bis heute Chiron Werke GmbH &amp; Co. KG &#8211; IT Administrator 2nd Level 01.04.2019 gehts los! Bin gespannt \ud83d\ude42 1999 bis 03\/2019 BDT Media Automation Rottweil &#8211;<\/p><\/div>\n<div class=\"blog-btn\"><a href=\"https:\/\/Dittgen.hegau1.de\/?page_id=73\" class=\"home-blog-btn\">Weiterlesen<\/a><\/p>\n","protected":false},"author":1,"featured_media":0,"parent":17,"menu_order":0,"comment_status":"closed","ping_status":"closed","template":"","meta":{"footnotes":""},"class_list":["post-73","page","type-page","status-publish","hentry"],"_links":{"self":[{"href":"https:\/\/Dittgen.hegau1.de\/index.php?rest_route=\/wp\/v2\/pages\/73","targetHints":{"allow":["GET"]}}],"collection":[{"href":"https:\/\/Dittgen.hegau1.de\/index.php?rest_route=\/wp\/v2\/pages"}],"about":[{"href":"https:\/\/Dittgen.hegau1.de\/index.php?rest_route=\/wp\/v2\/types\/page"}],"author":[{"embeddable":true,"href":"https:\/\/Dittgen.hegau1.de\/index.php?rest_route=\/wp\/v2\/users\/1"}],"replies":[{"embeddable":true,"href":"https:\/\/Dittgen.hegau1.de\/index.php?rest_route=%2Fwp%2Fv2%2Fcomments&post=73"}],"version-history":[{"count":16,"href":"https:\/\/Dittgen.hegau1.de\/index.php?rest_route=\/wp\/v2\/pages\/73\/revisions"}],"predecessor-version":[{"id":386,"href":"https:\/\/Dittgen.hegau1.de\/index.php?rest_route=\/wp\/v2\/pages\/73\/revisions\/386"}],"up":[{"embeddable":true,"href":"https:\/\/Dittgen.hegau1.de\/index.php?rest_route=\/wp\/v2\/pages\/17"}],"wp:attachment":[{"href":"https:\/\/Dittgen.hegau1.de\/index.php?rest_route=%2Fwp%2Fv2%2Fmedia&parent=73"}],"curies":[{"name":"wp","href":"https:\/\/api.w.org\/{rel}","templated":true}]}}